{"id":1240,"date":"2019-05-21T07:34:20","date_gmt":"2019-05-21T07:34:20","guid":{"rendered":"https:\/\/floorexpert.md\/en\/?post_type=product&#038;p=1240"},"modified":"2019-05-21T08:25:13","modified_gmt":"2019-05-21T08:25:13","slug":"sika-comfortfloor-ps-66","status":"publish","type":"product","link":"https:\/\/floorexpert.md\/ro\/produs\/sika-comfortfloor-ps-66\/","title":{"rendered":"Sika Comfortfloor\u00ae PS-66"},"content":{"rendered":"","protected":false},"excerpt":{"rendered":"<p>Pardosea poliuretanic\u0103 elastic\u0103,neted\u0103,rezistent\u0103,cu nivel sc\u0103zut de compu\u0219i organici volatili\u00a0 \u0219i fulgi de culoare op\u021bional<\/p>\n<p><strong>Grosime nominal\u0103 6 mm<\/strong><\/p>\n<p><strong>Straturi 5 &#8211; 7<\/strong><\/p>\n<p><strong>Caracteristici \u0219i avantaje<\/strong><\/p>\n<ul>\n<li>Zgomotul redus de la pa\u0219i<\/li>\n<li>Elastic<\/li>\n<li>Izola\u021bie fonic\u0103 bun\u0103 la impact<\/li>\n<li>Acoperirea fisurilor<\/li>\n<li>Rezisten\u021b\u0103 bun\u0103 la uzur\u0103 \u0219i impact<\/li>\n<li>Fulgi decorativi op\u021bional<\/li>\n<li>Nivel sc\u0103zut de compu\u0219i organici volatili<\/li>\n<\/ul>\n","protected":false},"featured_media":1241,"template":"","meta":[],"product_cat":[42],"product_tag":[],"_links":{"self":[{"href":"https:\/\/floorexpert.md\/ro\/wp-json\/wp\/v2\/product\/1240"}],"collection":[{"href":"https:\/\/floorexpert.md\/ro\/wp-json\/wp\/v2\/product"}],"about":[{"href":"https:\/\/floorexpert.md\/ro\/wp-json\/wp\/v2\/types\/product"}],"wp:featuredmedia":[{"embeddable":true,"href":"https:\/\/floorexpert.md\/ro\/wp-json\/wp\/v2\/media\/1241"}],"wp:attachment":[{"href":"https:\/\/floorexpert.md\/ro\/wp-json\/wp\/v2\/media?parent=1240"}],"wp:term":[{"taxonomy":"product_cat","embeddable":true,"href":"https:\/\/floorexpert.md\/ro\/wp-json\/wp\/v2\/product_cat?post=1240"},{"taxonomy":"product_tag","embeddable":true,"href":"https:\/\/floorexpert.md\/ro\/wp-json\/wp\/v2\/product_tag?post=1240"}],"curies":[{"name":"wp","href":"https:\/\/api.w.org\/{rel}","templated":true}]}}