{"id":1232,"date":"2019-05-20T07:18:57","date_gmt":"2019-05-20T07:18:57","guid":{"rendered":"https:\/\/floorexpert.md\/en\/?post_type=product&#038;p=1232"},"modified":"2019-05-20T07:33:53","modified_gmt":"2019-05-20T07:33:53","slug":"sika-comfortfloor-ps-23","status":"publish","type":"product","link":"https:\/\/floorexpert.md\/ro\/produs\/sika-comfortfloor-ps-23\/","title":{"rendered":"Sika Comfortfloor\u00ae PS-23"},"content":{"rendered":"","protected":false},"excerpt":{"rendered":"<p>Sistem poliuretanic elastic,neted, monocolor, f\u0103r\u0103 rosturi, cu emisie redus\u0103 de compu\u0219i organici volatili<\/p>\n<p><strong>Grosime nominal\u0103 2 mm<\/strong><\/p>\n<p><strong>Straturi 3<\/strong><\/p>\n<p><strong>Caracteristici \u0219i avantaje<\/strong><\/p>\n<ul>\n<li>Moale la mers<\/li>\n<li>Acoperire fisurilor<\/li>\n<li>Rezisten\u021b\u0103 bun\u0103 la uzur\u0103 \u0219i impact<\/li>\n<li>Op\u021biuni de culoare<\/li>\n<li>COV sc\u0103zut<\/li>\n<\/ul>\n","protected":false},"featured_media":1233,"template":"","meta":[],"product_cat":[42],"product_tag":[],"_links":{"self":[{"href":"https:\/\/floorexpert.md\/ro\/wp-json\/wp\/v2\/product\/1232"}],"collection":[{"href":"https:\/\/floorexpert.md\/ro\/wp-json\/wp\/v2\/product"}],"about":[{"href":"https:\/\/floorexpert.md\/ro\/wp-json\/wp\/v2\/types\/product"}],"wp:featuredmedia":[{"embeddable":true,"href":"https:\/\/floorexpert.md\/ro\/wp-json\/wp\/v2\/media\/1233"}],"wp:attachment":[{"href":"https:\/\/floorexpert.md\/ro\/wp-json\/wp\/v2\/media?parent=1232"}],"wp:term":[{"taxonomy":"product_cat","embeddable":true,"href":"https:\/\/floorexpert.md\/ro\/wp-json\/wp\/v2\/product_cat?post=1232"},{"taxonomy":"product_tag","embeddable":true,"href":"https:\/\/floorexpert.md\/ro\/wp-json\/wp\/v2\/product_tag?post=1232"}],"curies":[{"name":"wp","href":"https:\/\/api.w.org\/{rel}","templated":true}]}}