{"id":1226,"date":"2019-05-15T08:18:24","date_gmt":"2019-05-15T08:18:24","guid":{"rendered":"https:\/\/floorexpert.md\/en\/?post_type=product&#038;p=1226"},"modified":"2019-05-15T08:30:03","modified_gmt":"2019-05-15T08:30:03","slug":"sikafloor-decodur-eb-26-quartz","status":"publish","type":"product","link":"https:\/\/floorexpert.md\/ro\/produs\/sikafloor-decodur-eb-26-quartz\/","title":{"rendered":"Sikafloor\u00ae DecoDur EB-26 Quartz"},"content":{"rendered":"","protected":false},"excerpt":{"rendered":"<p>Sistem epoxidic cu cuar\u021b, antiderapant, cu con\u021binut scazut de VOC<\/p>\n<p><strong>Grosime nominal\u0103<\/strong> 2 &#8211; 3 mm<\/p>\n<p><strong>Straturi<\/strong> 3<\/p>\n<p><strong>Caracteristici \u0219i avantaje<\/strong><\/p>\n<ul>\n<li>Conformitate \u00een contact cu produsele alimentare<\/li>\n<li>Emisii reduse de particule<\/li>\n<li>Efecte de nisip colorat<\/li>\n<li>Rezisten\u021b\u0103 mecanic\u0103 bun\u0103<\/li>\n<li>Antiderapant<\/li>\n<li>COV sc\u0103zut<\/li>\n<\/ul>\n","protected":false},"featured_media":1227,"template":"","meta":[],"product_cat":[42],"product_tag":[],"_links":{"self":[{"href":"https:\/\/floorexpert.md\/ro\/wp-json\/wp\/v2\/product\/1226"}],"collection":[{"href":"https:\/\/floorexpert.md\/ro\/wp-json\/wp\/v2\/product"}],"about":[{"href":"https:\/\/floorexpert.md\/ro\/wp-json\/wp\/v2\/types\/product"}],"wp:featuredmedia":[{"embeddable":true,"href":"https:\/\/floorexpert.md\/ro\/wp-json\/wp\/v2\/media\/1227"}],"wp:attachment":[{"href":"https:\/\/floorexpert.md\/ro\/wp-json\/wp\/v2\/media?parent=1226"}],"wp:term":[{"taxonomy":"product_cat","embeddable":true,"href":"https:\/\/floorexpert.md\/ro\/wp-json\/wp\/v2\/product_cat?post=1226"},{"taxonomy":"product_tag","embeddable":true,"href":"https:\/\/floorexpert.md\/ro\/wp-json\/wp\/v2\/product_tag?post=1226"}],"curies":[{"name":"wp","href":"https:\/\/api.w.org\/{rel}","templated":true}]}}