{"id":1187,"date":"2019-05-13T13:41:41","date_gmt":"2019-05-13T13:41:41","guid":{"rendered":"https:\/\/floorexpert.md\/en\/?post_type=product&#038;p=1187"},"modified":"2019-05-13T13:48:22","modified_gmt":"2019-05-13T13:48:22","slug":"sikafloor-multidur-es-31-ecf","status":"publish","type":"product","link":"https:\/\/floorexpert.md\/ro\/produs\/sikafloor-multidur-es-31-ecf\/","title":{"rendered":"Sikafloor\u00ae MultiDur ES-31 ECF"},"content":{"rendered":"","protected":false},"excerpt":{"rendered":"<p>Suprafa\u021b\u0103 conductiv\u0103 neted\u0103, rezistent\u0103 chimic<\/p>\n<p><strong>Grosime nominal\u0103<\/strong> 2 mm<\/p>\n<p><strong>Straturi<\/strong> 3<\/p>\n<p><strong>Caracteristici \u0219i avantaje<\/strong><\/p>\n<ul>\n<li>Rezisten\u021b\u0103 mare la uzur\u0103 \u0219i abraziune<\/li>\n<li>Rezisten\u021b\u0103 chimic\u0103 ridicat\u0103<\/li>\n<li>Op\u021biuni de culoare<\/li>\n<li>Usor de curatat<\/li>\n<li>Conductiv<\/li>\n<\/ul>\n","protected":false},"featured_media":1067,"template":"","meta":[],"product_cat":[64],"product_tag":[],"_links":{"self":[{"href":"https:\/\/floorexpert.md\/ro\/wp-json\/wp\/v2\/product\/1187"}],"collection":[{"href":"https:\/\/floorexpert.md\/ro\/wp-json\/wp\/v2\/product"}],"about":[{"href":"https:\/\/floorexpert.md\/ro\/wp-json\/wp\/v2\/types\/product"}],"wp:featuredmedia":[{"embeddable":true,"href":"https:\/\/floorexpert.md\/ro\/wp-json\/wp\/v2\/media\/1067"}],"wp:attachment":[{"href":"https:\/\/floorexpert.md\/ro\/wp-json\/wp\/v2\/media?parent=1187"}],"wp:term":[{"taxonomy":"product_cat","embeddable":true,"href":"https:\/\/floorexpert.md\/ro\/wp-json\/wp\/v2\/product_cat?post=1187"},{"taxonomy":"product_tag","embeddable":true,"href":"https:\/\/floorexpert.md\/ro\/wp-json\/wp\/v2\/product_tag?post=1187"}],"curies":[{"name":"wp","href":"https:\/\/api.w.org\/{rel}","templated":true}]}}