{"id":1177,"date":"2019-05-13T11:37:36","date_gmt":"2019-05-13T11:37:36","guid":{"rendered":"https:\/\/floorexpert.md\/en\/?post_type=product&#038;p=1177"},"modified":"2019-05-13T11:43:49","modified_gmt":"2019-05-13T11:43:49","slug":"sikafloor-multidur-et-14-ecf","status":"publish","type":"product","link":"https:\/\/floorexpert.md\/ro\/produs\/sikafloor-multidur-et-14-ecf\/","title":{"rendered":"Sikafloor\u00ae MultiDur ET-14 ECF"},"content":{"rendered":"","protected":false},"excerpt":{"rendered":"<p>Strat epoxidic unicolor, conductiv aplicat cu rola<\/p>\n<p><strong>Grosime nominal\u0103<\/strong> 0,6 &#8211; 0,8 mm<\/p>\n<p><strong>Straturi<\/strong> 3<\/p>\n<p><strong>Caracteristici \u0219i avantaje<\/strong><\/p>\n<ul>\n<li>Rezisten\u021b\u0103 bun\u0103 la uzur\u0103 \u0219i abraziune<\/li>\n<li>Rezisten\u021b\u0103 chimic\u0103 bun\u0103<\/li>\n<li>Antiderapant\u0103 \u0219i u\u0219or de cur\u0103\u021bat<\/li>\n<li>Op\u021biuni de culoare conductiv\u0103<\/li>\n<\/ul>\n","protected":false},"featured_media":1178,"template":"","meta":[],"product_cat":[64],"product_tag":[],"_links":{"self":[{"href":"https:\/\/floorexpert.md\/ro\/wp-json\/wp\/v2\/product\/1177"}],"collection":[{"href":"https:\/\/floorexpert.md\/ro\/wp-json\/wp\/v2\/product"}],"about":[{"href":"https:\/\/floorexpert.md\/ro\/wp-json\/wp\/v2\/types\/product"}],"wp:featuredmedia":[{"embeddable":true,"href":"https:\/\/floorexpert.md\/ro\/wp-json\/wp\/v2\/media\/1178"}],"wp:attachment":[{"href":"https:\/\/floorexpert.md\/ro\/wp-json\/wp\/v2\/media?parent=1177"}],"wp:term":[{"taxonomy":"product_cat","embeddable":true,"href":"https:\/\/floorexpert.md\/ro\/wp-json\/wp\/v2\/product_cat?post=1177"},{"taxonomy":"product_tag","embeddable":true,"href":"https:\/\/floorexpert.md\/ro\/wp-json\/wp\/v2\/product_tag?post=1177"}],"curies":[{"name":"wp","href":"https:\/\/api.w.org\/{rel}","templated":true}]}}