{"id":1172,"date":"2019-05-13T08:25:54","date_gmt":"2019-05-13T08:25:54","guid":{"rendered":"https:\/\/floorexpert.md\/en\/?post_type=product&#038;p=1172"},"modified":"2019-05-13T08:33:35","modified_gmt":"2019-05-13T08:33:35","slug":"sikafloor-monoflex-mb-29-2","status":"publish","type":"product","link":"https:\/\/floorexpert.md\/ro\/produs\/sikafloor-monoflex-mb-29-2\/","title":{"rendered":"Sikafloor\u00ae MonoFlex MB-29"},"content":{"rendered":"","protected":false},"excerpt":{"rendered":"<p>Monocomponent\u0103, \u00eent\u0103rire foarte rapid\u0103, cu acoperirea fisurilor, acoperire decorativ\u0103 cu cuart<\/p>\n<p><strong>Grosime nominal\u0103<\/strong> 2 &#8211; 3 mm<\/p>\n<p><strong>Straturi<\/strong> 4<\/p>\n<p><strong>Caracteristici \u0219i avantaje<\/strong><\/p>\n<ul>\n<li>acoperirea fisurilor<\/li>\n<li>\u00cent\u0103rirea declan\u0219at\u0103 de umiditate<\/li>\n<li>Rezistent la alunecare<\/li>\n<li>Rezistent la uzura medie<\/li>\n<li>UV-Stabil<\/li>\n<li>Decorativ<\/li>\n<li>Op\u021biuni de culoare<\/li>\n<\/ul>\n","protected":false},"featured_media":1173,"template":"","meta":[],"product_cat":[66],"product_tag":[],"_links":{"self":[{"href":"https:\/\/floorexpert.md\/ro\/wp-json\/wp\/v2\/product\/1172"}],"collection":[{"href":"https:\/\/floorexpert.md\/ro\/wp-json\/wp\/v2\/product"}],"about":[{"href":"https:\/\/floorexpert.md\/ro\/wp-json\/wp\/v2\/types\/product"}],"wp:featuredmedia":[{"embeddable":true,"href":"https:\/\/floorexpert.md\/ro\/wp-json\/wp\/v2\/media\/1173"}],"wp:attachment":[{"href":"https:\/\/floorexpert.md\/ro\/wp-json\/wp\/v2\/media?parent=1172"}],"wp:term":[{"taxonomy":"product_cat","embeddable":true,"href":"https:\/\/floorexpert.md\/ro\/wp-json\/wp\/v2\/product_cat?post=1172"},{"taxonomy":"product_tag","embeddable":true,"href":"https:\/\/floorexpert.md\/ro\/wp-json\/wp\/v2\/product_tag?post=1172"}],"curies":[{"name":"wp","href":"https:\/\/api.w.org\/{rel}","templated":true}]}}