{"id":1168,"date":"2019-05-13T08:13:53","date_gmt":"2019-05-13T08:13:53","guid":{"rendered":"https:\/\/floorexpert.md\/en\/?post_type=product&#038;p=1168"},"modified":"2019-05-13T08:22:47","modified_gmt":"2019-05-13T08:22:47","slug":"sikafloor-monoflex-ms-24","status":"publish","type":"product","link":"https:\/\/floorexpert.md\/ro\/produs\/sikafloor-monoflex-ms-24\/","title":{"rendered":"Sikafloor\u00ae MonoFlex MS-24"},"content":{"rendered":"","protected":false},"excerpt":{"rendered":"<p>Suprafa\u021b\u0103 de podea decorativ\u0103 neted\u0103, monocomponent<\/p>\n<p><strong>Grosime nominal\u0103<\/strong> 1 &#8211; 2 mm<\/p>\n<p><strong>Straturi<\/strong> 3<\/p>\n<p><strong>Caracteristici \u0219i avantaje<\/strong><\/p>\n<ul>\n<li>acoprirea fisurilor<\/li>\n<li>Rezisten\u021b\u0103 la uzura medie<\/li>\n<li>UV-Stabil<\/li>\n<li>Fulgi decorative<\/li>\n<li>Op\u021biuni de culoare<\/li>\n<\/ul>\n","protected":false},"featured_media":1169,"template":"","meta":[],"product_cat":[66],"product_tag":[],"_links":{"self":[{"href":"https:\/\/floorexpert.md\/ro\/wp-json\/wp\/v2\/product\/1168"}],"collection":[{"href":"https:\/\/floorexpert.md\/ro\/wp-json\/wp\/v2\/product"}],"about":[{"href":"https:\/\/floorexpert.md\/ro\/wp-json\/wp\/v2\/types\/product"}],"wp:featuredmedia":[{"embeddable":true,"href":"https:\/\/floorexpert.md\/ro\/wp-json\/wp\/v2\/media\/1169"}],"wp:attachment":[{"href":"https:\/\/floorexpert.md\/ro\/wp-json\/wp\/v2\/media?parent=1168"}],"wp:term":[{"taxonomy":"product_cat","embeddable":true,"href":"https:\/\/floorexpert.md\/ro\/wp-json\/wp\/v2\/product_cat?post=1168"},{"taxonomy":"product_tag","embeddable":true,"href":"https:\/\/floorexpert.md\/ro\/wp-json\/wp\/v2\/product_tag?post=1168"}],"curies":[{"name":"wp","href":"https:\/\/api.w.org\/{rel}","templated":true}]}}