{"id":1163,"date":"2019-05-13T07:58:18","date_gmt":"2019-05-13T07:58:18","guid":{"rendered":"https:\/\/floorexpert.md\/en\/?post_type=product&#038;p=1163"},"modified":"2019-05-13T08:01:10","modified_gmt":"2019-05-13T08:01:10","slug":"sikafloor-monoflex-mb-56","status":"publish","type":"product","link":"https:\/\/floorexpert.md\/ro\/produs\/sikafloor-monoflex-mb-56\/","title":{"rendered":"Sikafloor\u00ae MonoFlex MB-56"},"content":{"rendered":"","protected":false},"excerpt":{"rendered":"<p>Monocomponent, \u00eent\u0103rire rapid\u0103, acoperirea fisurilor \u0219i impermeabilizare, pardoseal\u0103 unicolor<\/p>\n<p><strong>Grosime nominal\u0103<\/strong> 3 &#8211; 4 mm<\/p>\n<p><strong>Straturi<\/strong> 5<\/p>\n<p><strong>Caracteristici \u0219i avantaje<\/strong><\/p>\n<ul>\n<li>acoperirea fisurilor<\/li>\n<li>ETAG 005 Certificat<\/li>\n<li>antiderapant<\/li>\n<li>Rezisten\u021b\u0103 la uzur\u0103 medie<\/li>\n<li>UV-Stabil<\/li>\n<li>Fulgi decorativi<\/li>\n<li>Op\u021biunea de culoare<\/li>\n<\/ul>\n","protected":false},"featured_media":1164,"template":"","meta":[],"product_cat":[66],"product_tag":[],"_links":{"self":[{"href":"https:\/\/floorexpert.md\/ro\/wp-json\/wp\/v2\/product\/1163"}],"collection":[{"href":"https:\/\/floorexpert.md\/ro\/wp-json\/wp\/v2\/product"}],"about":[{"href":"https:\/\/floorexpert.md\/ro\/wp-json\/wp\/v2\/types\/product"}],"wp:featuredmedia":[{"embeddable":true,"href":"https:\/\/floorexpert.md\/ro\/wp-json\/wp\/v2\/media\/1164"}],"wp:attachment":[{"href":"https:\/\/floorexpert.md\/ro\/wp-json\/wp\/v2\/media?parent=1163"}],"wp:term":[{"taxonomy":"product_cat","embeddable":true,"href":"https:\/\/floorexpert.md\/ro\/wp-json\/wp\/v2\/product_cat?post=1163"},{"taxonomy":"product_tag","embeddable":true,"href":"https:\/\/floorexpert.md\/ro\/wp-json\/wp\/v2\/product_tag?post=1163"}],"curies":[{"name":"wp","href":"https:\/\/api.w.org\/{rel}","templated":true}]}}