{"id":1144,"date":"2019-05-08T12:31:58","date_gmt":"2019-05-08T12:31:58","guid":{"rendered":"https:\/\/floorexpert.md\/en\/?post_type=product&#038;p=1144"},"modified":"2019-05-08T12:38:25","modified_gmt":"2019-05-08T12:38:25","slug":"sikafloor-pronto-rb-27","status":"publish","type":"product","link":"https:\/\/floorexpert.md\/ro\/produs\/sikafloor-pronto-rb-27\/","title":{"rendered":"Sikafloor\u00ae Pronto RB-27"},"content":{"rendered":"","protected":false},"excerpt":{"rendered":"<p>Sistem elastomeric de \u00eent\u0103rire rapid\u0103 pentru depozite frigorifice, congelatoare \u0219i frigidere<\/p>\n<p><strong>Grosime nominal\u0103<\/strong> 2 &#8211; 4 mm<\/p>\n<p><strong>Straturile<\/strong> 3<\/p>\n<p><strong>Caracteristici \u0219i avantaje<\/strong><\/p>\n<p>\u00cent\u0103rire rapid\u0103<br \/>\nRezisten\u021b\u0103 bun\u0103 la uzur\u0103<br \/>\nRezisten\u021b\u0103 chimic\u0103 bun\u0103<br \/>\nRezistent la socuri termice<br \/>\nRezistent la alunecare<br \/>\nOp\u021biuni de culoare<\/p>\n","protected":false},"featured_media":1133,"template":"","meta":[],"product_cat":[68],"product_tag":[],"_links":{"self":[{"href":"https:\/\/floorexpert.md\/ro\/wp-json\/wp\/v2\/product\/1144"}],"collection":[{"href":"https:\/\/floorexpert.md\/ro\/wp-json\/wp\/v2\/product"}],"about":[{"href":"https:\/\/floorexpert.md\/ro\/wp-json\/wp\/v2\/types\/product"}],"wp:featuredmedia":[{"embeddable":true,"href":"https:\/\/floorexpert.md\/ro\/wp-json\/wp\/v2\/media\/1133"}],"wp:attachment":[{"href":"https:\/\/floorexpert.md\/ro\/wp-json\/wp\/v2\/media?parent=1144"}],"wp:term":[{"taxonomy":"product_cat","embeddable":true,"href":"https:\/\/floorexpert.md\/ro\/wp-json\/wp\/v2\/product_cat?post=1144"},{"taxonomy":"product_tag","embeddable":true,"href":"https:\/\/floorexpert.md\/ro\/wp-json\/wp\/v2\/product_tag?post=1144"}],"curies":[{"name":"wp","href":"https:\/\/api.w.org\/{rel}","templated":true}]}}