{"id":1138,"date":"2019-05-08T11:15:16","date_gmt":"2019-05-08T11:15:16","guid":{"rendered":"https:\/\/floorexpert.md\/en\/?post_type=product&#038;p=1138"},"modified":"2019-05-08T11:21:16","modified_gmt":"2019-05-08T11:21:16","slug":"sikafloor-pronto-rb-34","status":"publish","type":"product","link":"https:\/\/floorexpert.md\/ro\/produs\/sikafloor-pronto-rb-34\/","title":{"rendered":"Sikafloor\u00ae Pronto RB-34"},"content":{"rendered":"","protected":false},"excerpt":{"rendered":"<p>Sistem decorativ rapid, uscat, pentru zone uscate<\/p>\n<p><strong>Grosime nominal\u0103<\/strong> 2 &#8211; 4 mm<\/p>\n<p><strong>Straturile<\/strong> 3<\/p>\n<p><strong>Caracteristici \u0219i avantaje<\/strong><\/p>\n<ul>\n<li>\u00eent\u0103rire rapid\u0103<\/li>\n<li>Rezisten\u021b\u0103 mare la uzur\u0103<\/li>\n<li>Rezisten\u021b\u0103 chimic\u0103 bun\u0103<\/li>\n<li>Rezisten\u021b\u0103 la alunecare<\/li>\n<li>Op\u021biuni de culoare<\/li>\n<\/ul>\n","protected":false},"featured_media":1133,"template":"","meta":[],"product_cat":[68],"product_tag":[],"_links":{"self":[{"href":"https:\/\/floorexpert.md\/ro\/wp-json\/wp\/v2\/product\/1138"}],"collection":[{"href":"https:\/\/floorexpert.md\/ro\/wp-json\/wp\/v2\/product"}],"about":[{"href":"https:\/\/floorexpert.md\/ro\/wp-json\/wp\/v2\/types\/product"}],"wp:featuredmedia":[{"embeddable":true,"href":"https:\/\/floorexpert.md\/ro\/wp-json\/wp\/v2\/media\/1133"}],"wp:attachment":[{"href":"https:\/\/floorexpert.md\/ro\/wp-json\/wp\/v2\/media?parent=1138"}],"wp:term":[{"taxonomy":"product_cat","embeddable":true,"href":"https:\/\/floorexpert.md\/ro\/wp-json\/wp\/v2\/product_cat?post=1138"},{"taxonomy":"product_tag","embeddable":true,"href":"https:\/\/floorexpert.md\/ro\/wp-json\/wp\/v2\/product_tag?post=1138"}],"curies":[{"name":"wp","href":"https:\/\/api.w.org\/{rel}","templated":true}]}}