{"id":1135,"date":"2019-05-08T11:03:17","date_gmt":"2019-05-08T11:03:17","guid":{"rendered":"https:\/\/floorexpert.md\/en\/?post_type=product&#038;p=1135"},"modified":"2019-05-13T07:17:54","modified_gmt":"2019-05-13T07:17:54","slug":"sikafloor-pronto-rb-55","status":"publish","type":"product","link":"https:\/\/floorexpert.md\/ro\/produs\/sikafloor-pronto-rb-55\/","title":{"rendered":"Sikafloor\u00ae Pronto RB-55"},"content":{"rendered":"","protected":false},"excerpt":{"rendered":"<p>Sistem de impermeabilizare foarte elastometic pentru aplica\u021bii de pardoseli<\/p>\n<p><strong>Grosime nominal\u0103<\/strong> 3 &#8211; 5 mm<\/p>\n<p><strong>Straturile<\/strong> 4<\/p>\n<p><strong>Caracteristici \u0219i avantaje<\/strong><\/p>\n<ul>\n<li>Acoperirea fisurilor<\/li>\n<li>\u00cent\u0103rire rapid\u0103<\/li>\n<li>Rezisten\u021b\u0103 bun\u0103 la uzur\u0103<\/li>\n<li>Rezisten\u021b\u0103 chimic\u0103 bun\u0103<\/li>\n<li>Rezistent la alunecare<\/li>\n<li>Op\u021biuni de culoare<\/li>\n<\/ul>\n","protected":false},"featured_media":1136,"template":"","meta":[],"product_cat":[39,68],"product_tag":[],"_links":{"self":[{"href":"https:\/\/floorexpert.md\/ro\/wp-json\/wp\/v2\/product\/1135"}],"collection":[{"href":"https:\/\/floorexpert.md\/ro\/wp-json\/wp\/v2\/product"}],"about":[{"href":"https:\/\/floorexpert.md\/ro\/wp-json\/wp\/v2\/types\/product"}],"wp:featuredmedia":[{"embeddable":true,"href":"https:\/\/floorexpert.md\/ro\/wp-json\/wp\/v2\/media\/1136"}],"wp:attachment":[{"href":"https:\/\/floorexpert.md\/ro\/wp-json\/wp\/v2\/media?parent=1135"}],"wp:term":[{"taxonomy":"product_cat","embeddable":true,"href":"https:\/\/floorexpert.md\/ro\/wp-json\/wp\/v2\/product_cat?post=1135"},{"taxonomy":"product_tag","embeddable":true,"href":"https:\/\/floorexpert.md\/ro\/wp-json\/wp\/v2\/product_tag?post=1135"}],"curies":[{"name":"wp","href":"https:\/\/api.w.org\/{rel}","templated":true}]}}