{"id":1132,"date":"2019-05-08T09:40:22","date_gmt":"2019-05-08T09:40:22","guid":{"rendered":"https:\/\/floorexpert.md\/en\/?post_type=product&#038;p=1132"},"modified":"2019-05-13T07:34:44","modified_gmt":"2019-05-13T07:34:44","slug":"sikafloor-pronto-rb-25","status":"publish","type":"product","link":"https:\/\/floorexpert.md\/ro\/produs\/sikafloor-pronto-rb-25\/","title":{"rendered":"Sikafloor\u00ae Pronto RB-25"},"content":{"rendered":"","protected":false},"excerpt":{"rendered":"<p>Sistem de impermeabilizare elastomeric pentru aplica\u021bii pentru pardoseli<\/p>\n<p><strong>Grosime nominal\u0103<\/strong> 2 &#8211; 4 mm<\/p>\n<p><strong>Straturile<\/strong> 3<\/p>\n<p><strong>Caracteristici \u0219i avantaje<\/strong><\/p>\n<ul>\n<li>Acoperirea fisurilor<\/li>\n<li>\u00eent\u0103rire rapid\u0103<\/li>\n<li>Rezisten\u021b\u0103 bun\u0103 la uzur\u0103<\/li>\n<li>Rezisten\u021b\u0103 chimic\u0103 bun\u0103<\/li>\n<li>Rezistent la alunecare<\/li>\n<li>Op\u021biuni de culoare<\/li>\n<\/ul>\n","protected":false},"featured_media":1133,"template":"","meta":[],"product_cat":[66,39,68],"product_tag":[],"_links":{"self":[{"href":"https:\/\/floorexpert.md\/ro\/wp-json\/wp\/v2\/product\/1132"}],"collection":[{"href":"https:\/\/floorexpert.md\/ro\/wp-json\/wp\/v2\/product"}],"about":[{"href":"https:\/\/floorexpert.md\/ro\/wp-json\/wp\/v2\/types\/product"}],"wp:featuredmedia":[{"embeddable":true,"href":"https:\/\/floorexpert.md\/ro\/wp-json\/wp\/v2\/media\/1133"}],"wp:attachment":[{"href":"https:\/\/floorexpert.md\/ro\/wp-json\/wp\/v2\/media?parent=1132"}],"wp:term":[{"taxonomy":"product_cat","embeddable":true,"href":"https:\/\/floorexpert.md\/ro\/wp-json\/wp\/v2\/product_cat?post=1132"},{"taxonomy":"product_tag","embeddable":true,"href":"https:\/\/floorexpert.md\/ro\/wp-json\/wp\/v2\/product_tag?post=1132"}],"curies":[{"name":"wp","href":"https:\/\/api.w.org\/{rel}","templated":true}]}}