{"id":1130,"date":"2019-05-08T09:06:35","date_gmt":"2019-05-08T09:06:35","guid":{"rendered":"https:\/\/floorexpert.md\/en\/?post_type=product&#038;p=1130"},"modified":"2019-05-08T09:23:05","modified_gmt":"2019-05-08T09:23:05","slug":"sikafloor-purcem-hb-22-gloss","status":"publish","type":"product","link":"https:\/\/floorexpert.md\/ro\/produs\/sikafloor-purcem-hb-22-gloss\/","title":{"rendered":"Sikafloor\u00ae PurCem HB-22 Gloss"},"content":{"rendered":"","protected":false},"excerpt":{"rendered":"<p>Sistem de pardoseal\u0103 hibrid de poliuretan textur\u0103 medie, finisat, lucios, rezistent la sarcini de la medii la grele<\/p>\n<p><strong>Grosime nominal\u0103<\/strong> 4 &#8211; 7 mm<\/p>\n<p><strong>Straturi<\/strong> 3<\/p>\n<p><strong>Caracteristici \u0219i Avantaje<\/strong><\/p>\n<ul>\n<li>Rezisten\u021b\u0103 mecanic\u0103 ridicat\u0103<\/li>\n<li>Rezisten\u021b\u0103 chimic\u0103 bun\u0103<\/li>\n<li>Suprafa\u021b\u0103 lucioas\u0103 \u0219i rezisten\u021b\u0103 la zg\u00e2rieturi<\/li>\n<li>Rezisten\u021b\u0103 la murdarire<\/li>\n<li>U\u0219or de cur\u0103\u021bat \u0219i \u00eentre\u021binut<\/li>\n<li>Tolerant la umiditate \u00een substrat<\/li>\n<li>Suprafa\u021b\u0103 anti-alunecare<\/li>\n<li>Performan\u021ba foarte bun\u0103 a ciclului de via\u021b\u0103<\/li>\n<li>Op\u021biuni de culoare<\/li>\n<\/ul>\n","protected":false},"featured_media":1131,"template":"","meta":[],"product_cat":[41],"product_tag":[],"_links":{"self":[{"href":"https:\/\/floorexpert.md\/ro\/wp-json\/wp\/v2\/product\/1130"}],"collection":[{"href":"https:\/\/floorexpert.md\/ro\/wp-json\/wp\/v2\/product"}],"about":[{"href":"https:\/\/floorexpert.md\/ro\/wp-json\/wp\/v2\/types\/product"}],"wp:featuredmedia":[{"embeddable":true,"href":"https:\/\/floorexpert.md\/ro\/wp-json\/wp\/v2\/media\/1131"}],"wp:attachment":[{"href":"https:\/\/floorexpert.md\/ro\/wp-json\/wp\/v2\/media?parent=1130"}],"wp:term":[{"taxonomy":"product_cat","embeddable":true,"href":"https:\/\/floorexpert.md\/ro\/wp-json\/wp\/v2\/product_cat?post=1130"},{"taxonomy":"product_tag","embeddable":true,"href":"https:\/\/floorexpert.md\/ro\/wp-json\/wp\/v2\/product_tag?post=1130"}],"curies":[{"name":"wp","href":"https:\/\/api.w.org\/{rel}","templated":true}]}}