{"id":1128,"date":"2019-05-08T08:56:21","date_gmt":"2019-05-08T08:56:21","guid":{"rendered":"https:\/\/floorexpert.md\/en\/?post_type=product&#038;p=1128"},"modified":"2019-05-08T09:03:32","modified_gmt":"2019-05-08T09:03:32","slug":"sikafloor-purcem-hs-21-gloss","status":"publish","type":"product","link":"https:\/\/floorexpert.md\/ro\/produs\/sikafloor-purcem-hs-21-gloss\/","title":{"rendered":"Sikafloor\u00ae PurCem HS-21 Gloss"},"content":{"rendered":"","protected":false},"excerpt":{"rendered":"<p>Sistem de pardoseal\u0103 hibrid de poliuretan extrem de durabil, lucios, rezistent la zg\u00e2rieturi, neted \u0219i f\u0103r\u0103 sudur\u0103.<\/p>\n<p><strong>Grosimea nominal\u0103<\/strong> 3 &#8211; 6 mm<\/p>\n<p><strong>Straturi<\/strong> 2<\/p>\n<p><strong>Caracteristici \u0219i avantaje<\/strong><\/p>\n<ul>\n<li>Rezisten\u021b\u0103 chimic\u0103 bun\u0103<\/li>\n<li>Suprafa\u021b\u0103 dens\u0103 \u0219i rezisten\u021b\u0103 la zg\u00e2rieturi<\/li>\n<li>Rezisten\u021b\u0103 mecanic\u0103 ridicat\u0103<\/li>\n<li>Rezisten\u021b\u0103 la murd\u0103rie ridicat\u0103<\/li>\n<li>U\u0219or de cur\u0103\u021bat \u0219i men\u021binut<\/li>\n<li>COV liber \u0219i ecologic<\/li>\n<li>F\u0103r\u0103 vopsire, inodor \u00een timpul aplic\u0103rii<\/li>\n<li>Poate fi aplicat pe substraturi cu toleran\u021b\u0103 ridicat\u0103 la umiditate<\/li>\n<li>Performan\u021ba foarte bun\u0103 a ciclului de via\u021b\u0103<\/li>\n<li>Op\u021biuni de culoare<\/li>\n<\/ul>\n","protected":false},"featured_media":1125,"template":"","meta":[],"product_cat":[41],"product_tag":[],"_links":{"self":[{"href":"https:\/\/floorexpert.md\/ro\/wp-json\/wp\/v2\/product\/1128"}],"collection":[{"href":"https:\/\/floorexpert.md\/ro\/wp-json\/wp\/v2\/product"}],"about":[{"href":"https:\/\/floorexpert.md\/ro\/wp-json\/wp\/v2\/types\/product"}],"wp:featuredmedia":[{"embeddable":true,"href":"https:\/\/floorexpert.md\/ro\/wp-json\/wp\/v2\/media\/1125"}],"wp:attachment":[{"href":"https:\/\/floorexpert.md\/ro\/wp-json\/wp\/v2\/media?parent=1128"}],"wp:term":[{"taxonomy":"product_cat","embeddable":true,"href":"https:\/\/floorexpert.md\/ro\/wp-json\/wp\/v2\/product_cat?post=1128"},{"taxonomy":"product_tag","embeddable":true,"href":"https:\/\/floorexpert.md\/ro\/wp-json\/wp\/v2\/product_tag?post=1128"}],"curies":[{"name":"wp","href":"https:\/\/api.w.org\/{rel}","templated":true}]}}