{"id":1120,"date":"2019-05-07T13:06:24","date_gmt":"2019-05-07T13:06:24","guid":{"rendered":"https:\/\/floorexpert.md\/en\/?post_type=product&#038;p=1120"},"modified":"2019-05-07T13:23:23","modified_gmt":"2019-05-07T13:23:23","slug":"sikafloor-purcem-hb-22","status":"publish","type":"product","link":"https:\/\/floorexpert.md\/ro\/produs\/sikafloor-purcem-hb-22\/","title":{"rendered":"Sikafloor\u00ae PurCem HB-22"},"content":{"rendered":"","protected":false},"excerpt":{"rendered":"<p>\u0218ap\u0103 hibrid\u0103 pe baz\u0103 de poliuretan-ciment,antiderapant\u0103, rezistent\u0103 la inc\u0103rc\u0103ri de la medii la mari<\/p>\n<p><strong>Grosime nominal\u0103<\/strong> 4,5 &#8211; 6 mm<\/p>\n<p><strong>Straturi\u00a0<\/strong> 2 &#8211; 4<\/p>\n<p><strong>Caracteristici \u0219i Avantaje<\/strong><\/p>\n<ul>\n<li>Rezistent la \u00eenghe\u021b (p\u00e2n\u0103 la -40 \u00b0 C)<\/li>\n<li>Rezisten\u021b\u0103 mare la uzur\u0103<\/li>\n<li>Rezisten\u021b\u0103 chimic\u0103 ridicat\u0103<\/li>\n<li>Rezisten\u021ba la \u0219ocul termic<\/li>\n<li>Igienic<\/li>\n<li>Rezistent la alunecare<\/li>\n<li>Op\u021biuni de culoare<\/li>\n<li>VOC sc\u0103zut, miros slab<\/li>\n<\/ul>\n","protected":false},"featured_media":1121,"template":"","meta":[],"product_cat":[41],"product_tag":[],"_links":{"self":[{"href":"https:\/\/floorexpert.md\/ro\/wp-json\/wp\/v2\/product\/1120"}],"collection":[{"href":"https:\/\/floorexpert.md\/ro\/wp-json\/wp\/v2\/product"}],"about":[{"href":"https:\/\/floorexpert.md\/ro\/wp-json\/wp\/v2\/types\/product"}],"wp:featuredmedia":[{"embeddable":true,"href":"https:\/\/floorexpert.md\/ro\/wp-json\/wp\/v2\/media\/1121"}],"wp:attachment":[{"href":"https:\/\/floorexpert.md\/ro\/wp-json\/wp\/v2\/media?parent=1120"}],"wp:term":[{"taxonomy":"product_cat","embeddable":true,"href":"https:\/\/floorexpert.md\/ro\/wp-json\/wp\/v2\/product_cat?post=1120"},{"taxonomy":"product_tag","embeddable":true,"href":"https:\/\/floorexpert.md\/ro\/wp-json\/wp\/v2\/product_tag?post=1120"}],"curies":[{"name":"wp","href":"https:\/\/api.w.org\/{rel}","templated":true}]}}