{"id":1116,"date":"2019-05-07T12:48:54","date_gmt":"2019-05-07T12:48:54","guid":{"rendered":"https:\/\/floorexpert.md\/en\/?post_type=product&#038;p=1116"},"modified":"2019-05-07T13:01:45","modified_gmt":"2019-05-07T13:01:45","slug":"sikafloor-purcem-hs-21","status":"publish","type":"product","link":"https:\/\/floorexpert.md\/ro\/produs\/sikafloor-purcem-hs-21\/","title":{"rendered":"Sikafloor\u00ae PurCem HS-21"},"content":{"rendered":"","protected":false},"excerpt":{"rendered":"<p>\u0218ap\u0103 hibrid\u0103 din poliuretan-ciment, neted\u0103 \u0219i de \u00eenalt\u0103 rezisten\u021b\u0103<\/p>\n<p><strong>Grosime nominal\u0103<\/strong> 4,5 &#8211; 6 mm<\/p>\n<p><strong>Straturi<\/strong> 2<\/p>\n<p><strong>Caracteristici \u0219i Avantaje<\/strong><\/p>\n<ul>\n<li>Rezisten\u021b\u0103 mare la \u00eenghe\u021b \/ suflare (> -40 \u00b0 C)<\/li>\n<li>Rezisten\u021b\u0103 mare la uzur\u0103<\/li>\n<li>Rezisten\u021b\u0103 chimic\u0103 ridicat\u0103<\/li>\n<li>Rezisten\u021b\u0103 la \u0219ocul termic<\/li>\n<li>Cur\u0103\u021bare u\u0219oar\u0103<\/li>\n<li>Rezisten\u021b\u0103 la alunecare<\/li>\n<li>Op\u021biuni de culoare<\/li>\n<li>VOC sc\u0103zut, miros slab<\/li>\n<\/ul>\n","protected":false},"featured_media":1117,"template":"","meta":[],"product_cat":[41],"product_tag":[],"_links":{"self":[{"href":"https:\/\/floorexpert.md\/ro\/wp-json\/wp\/v2\/product\/1116"}],"collection":[{"href":"https:\/\/floorexpert.md\/ro\/wp-json\/wp\/v2\/product"}],"about":[{"href":"https:\/\/floorexpert.md\/ro\/wp-json\/wp\/v2\/types\/product"}],"wp:featuredmedia":[{"embeddable":true,"href":"https:\/\/floorexpert.md\/ro\/wp-json\/wp\/v2\/media\/1117"}],"wp:attachment":[{"href":"https:\/\/floorexpert.md\/ro\/wp-json\/wp\/v2\/media?parent=1116"}],"wp:term":[{"taxonomy":"product_cat","embeddable":true,"href":"https:\/\/floorexpert.md\/ro\/wp-json\/wp\/v2\/product_cat?post=1116"},{"taxonomy":"product_tag","embeddable":true,"href":"https:\/\/floorexpert.md\/ro\/wp-json\/wp\/v2\/product_tag?post=1116"}],"curies":[{"name":"wp","href":"https:\/\/api.w.org\/{rel}","templated":true}]}}