{"id":1112,"date":"2019-05-07T12:31:55","date_gmt":"2019-05-07T12:31:55","guid":{"rendered":"https:\/\/floorexpert.md\/en\/?post_type=product&#038;p=1112"},"modified":"2019-05-07T12:41:42","modified_gmt":"2019-05-07T12:41:42","slug":"sikafloor-multidur-eb-39","status":"publish","type":"product","link":"https:\/\/floorexpert.md\/ro\/produs\/sikafloor-multidur-eb-39\/","title":{"rendered":"Sikafloor\u00ae MultiDur EB-39"},"content":{"rendered":"","protected":false},"excerpt":{"rendered":"<p>Acoperire epoxidic\u0103 unicolor\u0103 peste \u0219apa epoxidica hibrid cu rezisten\u021b\u0103 chimic\u0103 ridicat\u0103<\/p>\n<p><strong>Grosimea nominal\u0103<\/strong> 2 &#8211; 3 mm<\/p>\n<p><strong>Straturi<\/strong> 3<\/p>\n<p><strong>Caracteristici \u0219i Avantaje<\/strong><\/p>\n<ul>\n<li>Acoperirea fisurilor<\/li>\n<li>Rezisten\u021b\u0103 chimic\u0103 ridicat\u0103<\/li>\n<li>Op\u021biuni de culoare<\/li>\n<\/ul>\n","protected":false},"featured_media":1085,"template":"","meta":[],"product_cat":[61],"product_tag":[],"_links":{"self":[{"href":"https:\/\/floorexpert.md\/ro\/wp-json\/wp\/v2\/product\/1112"}],"collection":[{"href":"https:\/\/floorexpert.md\/ro\/wp-json\/wp\/v2\/product"}],"about":[{"href":"https:\/\/floorexpert.md\/ro\/wp-json\/wp\/v2\/types\/product"}],"wp:featuredmedia":[{"embeddable":true,"href":"https:\/\/floorexpert.md\/ro\/wp-json\/wp\/v2\/media\/1085"}],"wp:attachment":[{"href":"https:\/\/floorexpert.md\/ro\/wp-json\/wp\/v2\/media?parent=1112"}],"wp:term":[{"taxonomy":"product_cat","embeddable":true,"href":"https:\/\/floorexpert.md\/ro\/wp-json\/wp\/v2\/product_cat?post=1112"},{"taxonomy":"product_tag","embeddable":true,"href":"https:\/\/floorexpert.md\/ro\/wp-json\/wp\/v2\/product_tag?post=1112"}],"curies":[{"name":"wp","href":"https:\/\/api.w.org\/{rel}","templated":true}]}}