{"id":1103,"date":"2019-05-07T11:33:22","date_gmt":"2019-05-07T11:33:22","guid":{"rendered":"https:\/\/floorexpert.md\/en\/?post_type=product&#038;p=1103"},"modified":"2019-05-07T11:38:40","modified_gmt":"2019-05-07T11:38:40","slug":"sikafloor-multidur-es-23","status":"publish","type":"product","link":"https:\/\/floorexpert.md\/ro\/produs\/sikafloor-multidur-es-23\/","title":{"rendered":"Sikafloor\u00ae MultiDur ES-23"},"content":{"rendered":"","protected":false},"excerpt":{"rendered":"<p>Suprafa\u021b\u0103 epoxidic\u0103 neted\u0103<\/p>\n<p><strong>Grosimea nominal\u0103<\/strong> 2 &#8211; 3 mm<\/p>\n<p><strong>Straturi<\/strong> 3<\/p>\n<p><strong>Caracteristici \u0219i Avantaje<\/strong><\/p>\n<ul>\n<li>Rezisten\u021b\u0103 mare la uzur\u0103<\/li>\n<li>Rezisten\u021b\u0103 chimic\u0103 ridicat\u0103<\/li>\n<li>Op\u021biuni de culoare<\/li>\n<\/ul>\n","protected":false},"featured_media":1085,"template":"","meta":[],"product_cat":[62],"product_tag":[],"_links":{"self":[{"href":"https:\/\/floorexpert.md\/ro\/wp-json\/wp\/v2\/product\/1103"}],"collection":[{"href":"https:\/\/floorexpert.md\/ro\/wp-json\/wp\/v2\/product"}],"about":[{"href":"https:\/\/floorexpert.md\/ro\/wp-json\/wp\/v2\/types\/product"}],"wp:featuredmedia":[{"embeddable":true,"href":"https:\/\/floorexpert.md\/ro\/wp-json\/wp\/v2\/media\/1085"}],"wp:attachment":[{"href":"https:\/\/floorexpert.md\/ro\/wp-json\/wp\/v2\/media?parent=1103"}],"wp:term":[{"taxonomy":"product_cat","embeddable":true,"href":"https:\/\/floorexpert.md\/ro\/wp-json\/wp\/v2\/product_cat?post=1103"},{"taxonomy":"product_tag","embeddable":true,"href":"https:\/\/floorexpert.md\/ro\/wp-json\/wp\/v2\/product_tag?post=1103"}],"curies":[{"name":"wp","href":"https:\/\/api.w.org\/{rel}","templated":true}]}}