{"id":1092,"date":"2019-05-07T10:37:23","date_gmt":"2019-05-07T10:37:23","guid":{"rendered":"https:\/\/floorexpert.md\/en\/?post_type=product&#038;p=1092"},"modified":"2019-05-07T12:43:45","modified_gmt":"2019-05-07T12:43:45","slug":"sikafloor-purcem-hm-20","status":"publish","type":"product","link":"https:\/\/floorexpert.md\/ro\/produs\/sikafloor-purcem-hm-20\/","title":{"rendered":"Sikafloor\u00ae PurCem\u00ae HM-20"},"content":{"rendered":"","protected":false},"excerpt":{"rendered":"<p>\u0218ap\u0103 rezistent\u0103 la sarcini grele,u\u0219or texturat\u0103, de \u00eenalt\u0103 rezisten\u021b\u0103 chimic\u0103, mecanic\u0103 \u0219i rezistent\u0103 la temperaturi \u00eenalte din poliuretan-ciment<\/p>\n<p><strong>Grosime nominal\u0103<\/strong> 6 &#8211; 9 mm<\/p>\n<p><strong>Straturi<\/strong> 1 &#8211; 2<\/p>\n<p><strong>Caracteristici \u0219i Avantaje<\/strong><\/p>\n<ul>\n<li>Rezisten\u021b\u0103 mare la \u00eenghe\u021b \/ suflare (> -40 \u00b0 C)<\/li>\n<li>Rezisten\u021b\u0103 mare la uzur\u0103<\/li>\n<li>Rezisten\u021b\u0103 chimic\u0103 ridicat\u0103<\/li>\n<li>Rezisten\u021b\u0103 la \u0219ocul termic<\/li>\n<li>Cur\u0103\u021bare u\u0219oar\u0103<\/li>\n<li>Rezistent la alunecare<\/li>\n<li>Op\u021biuni de culoare<\/li>\n<li>VOC sc\u0103zut, miros slab<\/li>\n<\/ul>\n","protected":false},"featured_media":1093,"template":"","meta":[],"product_cat":[41,65],"product_tag":[],"_links":{"self":[{"href":"https:\/\/floorexpert.md\/ro\/wp-json\/wp\/v2\/product\/1092"}],"collection":[{"href":"https:\/\/floorexpert.md\/ro\/wp-json\/wp\/v2\/product"}],"about":[{"href":"https:\/\/floorexpert.md\/ro\/wp-json\/wp\/v2\/types\/product"}],"wp:featuredmedia":[{"embeddable":true,"href":"https:\/\/floorexpert.md\/ro\/wp-json\/wp\/v2\/media\/1093"}],"wp:attachment":[{"href":"https:\/\/floorexpert.md\/ro\/wp-json\/wp\/v2\/media?parent=1092"}],"wp:term":[{"taxonomy":"product_cat","embeddable":true,"href":"https:\/\/floorexpert.md\/ro\/wp-json\/wp\/v2\/product_cat?post=1092"},{"taxonomy":"product_tag","embeddable":true,"href":"https:\/\/floorexpert.md\/ro\/wp-json\/wp\/v2\/product_tag?post=1092"}],"curies":[{"name":"wp","href":"https:\/\/api.w.org\/{rel}","templated":true}]}}