{"id":1088,"date":"2019-05-07T10:14:55","date_gmt":"2019-05-07T10:14:55","guid":{"rendered":"https:\/\/floorexpert.md\/en\/?post_type=product&#038;p=1088"},"modified":"2019-05-07T10:34:25","modified_gmt":"2019-05-07T10:34:25","slug":"sikafloor-multiflex-ps-26","status":"publish","type":"product","link":"https:\/\/floorexpert.md\/ro\/produs\/sikafloor-multiflex-ps-26\/","title":{"rendered":"Sikafloor\u00ae MultiFlex PS-26"},"content":{"rendered":"","protected":false},"excerpt":{"rendered":"<p>Pardoseal\u0103 elastic\u0103 neted\u0103 din poliuretan elastic<\/p>\n<p><strong>Grosimea nominal\u0103<\/strong> 2 &#8211; 3 mm<\/p>\n<p><strong>Straturi<\/strong> 2<\/p>\n<p><strong>Caracteristici \u0219i Avantaje<\/strong><\/p>\n<ul>\n<li>Rezisten\u021b\u0103 la \u00eenghe\u021b \/ dezghe\u021b (> -20 \u00b0 C)<\/li>\n<li>Elastic dur<\/li>\n<li>Rezisten\u021b\u0103 mare la uzur\u0103<\/li>\n<li>Cur\u0103\u021bare u\u0219oar\u0103<\/li>\n<li>Op\u021biuni de culoare<\/li>\n<li>COV sc\u0103zut<\/li>\n<\/ul>\n","protected":false},"featured_media":1089,"template":"","meta":[],"product_cat":[65],"product_tag":[],"_links":{"self":[{"href":"https:\/\/floorexpert.md\/ro\/wp-json\/wp\/v2\/product\/1088"}],"collection":[{"href":"https:\/\/floorexpert.md\/ro\/wp-json\/wp\/v2\/product"}],"about":[{"href":"https:\/\/floorexpert.md\/ro\/wp-json\/wp\/v2\/types\/product"}],"wp:featuredmedia":[{"embeddable":true,"href":"https:\/\/floorexpert.md\/ro\/wp-json\/wp\/v2\/media\/1089"}],"wp:attachment":[{"href":"https:\/\/floorexpert.md\/ro\/wp-json\/wp\/v2\/media?parent=1088"}],"wp:term":[{"taxonomy":"product_cat","embeddable":true,"href":"https:\/\/floorexpert.md\/ro\/wp-json\/wp\/v2\/product_cat?post=1088"},{"taxonomy":"product_tag","embeddable":true,"href":"https:\/\/floorexpert.md\/ro\/wp-json\/wp\/v2\/product_tag?post=1088"}],"curies":[{"name":"wp","href":"https:\/\/api.w.org\/{rel}","templated":true}]}}