{"id":1084,"date":"2019-05-07T07:30:26","date_gmt":"2019-05-07T07:30:26","guid":{"rendered":"https:\/\/floorexpert.md\/en\/?post_type=product&#038;p=1084"},"modified":"2019-05-07T09:54:35","modified_gmt":"2019-05-07T09:54:35","slug":"ikafloor-multidur-eb-14-ecc","status":"publish","type":"product","link":"https:\/\/floorexpert.md\/ro\/produs\/ikafloor-multidur-eb-14-ecc\/","title":{"rendered":"Sikafloor\u00ae MultiDur EB-14 ECC"},"content":{"rendered":"","protected":false},"excerpt":{"rendered":"<p>Strat sub\u021bire epoxidic unicolor aplicat peste stratul sub\u021bire pe \u0219ap\u0103 hibrid\u0103 epoxidic\u0103<\/p>\n<p><strong>Grosimea nominal\u0103<\/strong> 2 &#8211; 4 mm<\/p>\n<p><strong>Straturi<\/strong> 3<\/p>\n<p><strong>Caracteristici \u0219i Avantaje<\/strong><\/p>\n<ul>\n<li>Depozitare la rece (> -10 \u00b0 C)<\/li>\n<li>Rezisten\u021b\u0103 mare la uzur\u0103<\/li>\n<li>Rezisten\u021b\u0103 mecanic\u0103 bun\u0103<\/li>\n<li>Rezisten\u021b\u0103 la \u0219ocul termic mediu<\/li>\n<li>Rezistent la alunecare<\/li>\n<li>Op\u021biuni de culoare<\/li>\n<\/ul>\n","protected":false},"featured_media":1085,"template":"","meta":[],"product_cat":[65],"product_tag":[],"_links":{"self":[{"href":"https:\/\/floorexpert.md\/ro\/wp-json\/wp\/v2\/product\/1084"}],"collection":[{"href":"https:\/\/floorexpert.md\/ro\/wp-json\/wp\/v2\/product"}],"about":[{"href":"https:\/\/floorexpert.md\/ro\/wp-json\/wp\/v2\/types\/product"}],"wp:featuredmedia":[{"embeddable":true,"href":"https:\/\/floorexpert.md\/ro\/wp-json\/wp\/v2\/media\/1085"}],"wp:attachment":[{"href":"https:\/\/floorexpert.md\/ro\/wp-json\/wp\/v2\/media?parent=1084"}],"wp:term":[{"taxonomy":"product_cat","embeddable":true,"href":"https:\/\/floorexpert.md\/ro\/wp-json\/wp\/v2\/product_cat?post=1084"},{"taxonomy":"product_tag","embeddable":true,"href":"https:\/\/floorexpert.md\/ro\/wp-json\/wp\/v2\/product_tag?post=1084"}],"curies":[{"name":"wp","href":"https:\/\/api.w.org\/{rel}","templated":true}]}}