{"id":1081,"date":"2019-05-07T07:18:33","date_gmt":"2019-05-07T07:18:33","guid":{"rendered":"https:\/\/floorexpert.md\/en\/?post_type=product&#038;p=1081"},"modified":"2019-05-07T10:57:24","modified_gmt":"2019-05-07T10:57:24","slug":"sikafloor-multidur-es-24","status":"publish","type":"product","link":"https:\/\/floorexpert.md\/ro\/produs\/sikafloor-multidur-es-24\/","title":{"rendered":"Sikafloor\u00ae MultiDur ES-24"},"content":{"rendered":"","protected":false},"excerpt":{"rendered":"<p>Suprafa\u021b\u0103 epoxidic\u0103 neted\u0103 neted\u0103<\/p>\n<p><strong>Grosimea nominal\u0103<\/strong>\u00a02 &#8211; 3 mm<\/p>\n<p><strong>Straturi<\/strong> 2<\/p>\n<p><strong>Caracteristici \u0219i Avantaje<\/strong><\/p>\n<ul>\n<li>Rezisten\u021b\u0103 mare la uzur\u0103 \u0219i abraziune<\/li>\n<li>Rezisten\u021b\u0103 bun\u0103 la impact<\/li>\n<li>Rezisten\u021b\u0103 chimic\u0103 bun\u0103<\/li>\n<li>Rezisten\u021b\u0103 la \u0219ocul termic mediu<\/li>\n<li>Cur\u0103\u021bare u\u0219oar\u0103<\/li>\n<li>Op\u021biuni de culoare<\/li>\n<\/ul>\n","protected":false},"featured_media":1071,"template":"","meta":[],"product_cat":[62,65],"product_tag":[],"_links":{"self":[{"href":"https:\/\/floorexpert.md\/ro\/wp-json\/wp\/v2\/product\/1081"}],"collection":[{"href":"https:\/\/floorexpert.md\/ro\/wp-json\/wp\/v2\/product"}],"about":[{"href":"https:\/\/floorexpert.md\/ro\/wp-json\/wp\/v2\/types\/product"}],"wp:featuredmedia":[{"embeddable":true,"href":"https:\/\/floorexpert.md\/ro\/wp-json\/wp\/v2\/media\/1071"}],"wp:attachment":[{"href":"https:\/\/floorexpert.md\/ro\/wp-json\/wp\/v2\/media?parent=1081"}],"wp:term":[{"taxonomy":"product_cat","embeddable":true,"href":"https:\/\/floorexpert.md\/ro\/wp-json\/wp\/v2\/product_cat?post=1081"},{"taxonomy":"product_tag","embeddable":true,"href":"https:\/\/floorexpert.md\/ro\/wp-json\/wp\/v2\/product_tag?post=1081"}],"curies":[{"name":"wp","href":"https:\/\/api.w.org\/{rel}","templated":true}]}}