{"id":1077,"date":"2019-05-07T07:02:20","date_gmt":"2019-05-07T07:02:20","guid":{"rendered":"https:\/\/floorexpert.md\/en\/?post_type=product&#038;p=1077"},"modified":"2019-05-07T12:06:34","modified_gmt":"2019-05-07T12:06:34","slug":"sikafloor-multidur-et-14-2","status":"publish","type":"product","link":"https:\/\/floorexpert.md\/ro\/produs\/sikafloor-multidur-et-14-2\/","title":{"rendered":"Sikafloor\u00ae MultiDur ET-14"},"content":{"rendered":"","protected":false},"excerpt":{"rendered":"<p>Strat epoxidic unicolor aplicat prin roluire<\/p>\n<p><strong>Grosime nominal\u0103 <\/strong>< 1 mm\n\n<strong>Straturi\u00a0<\/strong>2<\/p>\n<p><strong>Caracteristici \u0219i Avantaje<\/strong><\/p>\n<ul>\n<li>Rezisten\u021b\u0103 bun\u0103 la uzur\u0103 \u0219i abraziune<\/li>\n<li>Rezisten\u021b\u0103 chimic\u0103 bun\u0103<\/li>\n<li>Rezistent la alunecare<\/li>\n<li>Cur\u0103\u021bare u\u0219oar\u0103<\/li>\n<li>Op\u021biuni de culoare<\/li>\n<\/ul>\n","protected":false},"featured_media":1078,"template":"","meta":[],"product_cat":[62,65,61],"product_tag":[],"_links":{"self":[{"href":"https:\/\/floorexpert.md\/ro\/wp-json\/wp\/v2\/product\/1077"}],"collection":[{"href":"https:\/\/floorexpert.md\/ro\/wp-json\/wp\/v2\/product"}],"about":[{"href":"https:\/\/floorexpert.md\/ro\/wp-json\/wp\/v2\/types\/product"}],"wp:featuredmedia":[{"embeddable":true,"href":"https:\/\/floorexpert.md\/ro\/wp-json\/wp\/v2\/media\/1078"}],"wp:attachment":[{"href":"https:\/\/floorexpert.md\/ro\/wp-json\/wp\/v2\/media?parent=1077"}],"wp:term":[{"taxonomy":"product_cat","embeddable":true,"href":"https:\/\/floorexpert.md\/ro\/wp-json\/wp\/v2\/product_cat?post=1077"},{"taxonomy":"product_tag","embeddable":true,"href":"https:\/\/floorexpert.md\/ro\/wp-json\/wp\/v2\/product_tag?post=1077"}],"curies":[{"name":"wp","href":"https:\/\/api.w.org\/{rel}","templated":true}]}}