{"id":1073,"date":"2019-05-07T06:45:17","date_gmt":"2019-05-07T06:45:17","guid":{"rendered":"https:\/\/floorexpert.md\/en\/?post_type=product&#038;p=1073"},"modified":"2019-05-14T07:06:43","modified_gmt":"2019-05-14T07:06:43","slug":"sikafloor-multidur-ws-10-2","status":"publish","type":"product","link":"https:\/\/floorexpert.md\/ro\/produs\/sikafloor-multidur-ws-10-2\/","title":{"rendered":"Sikafloor\u00ae MultiDur WS-10"},"content":{"rendered":"","protected":false},"excerpt":{"rendered":"<p>Epoxi pe baz\u0103 de ap\u0103 cu roluire \u00een dublu strat<\/p>\n<p><strong>Grosime nominal\u0103<\/strong> < 1 mm\n\n<strong>Straturi<\/strong> 2<\/p>\n<p><strong>Caracteristici \u0219i Avantaje<\/strong><\/p>\n<ul>\n<li>Rezisten\u021ba la uzur\u0103 medie<\/li>\n<li>Stabilizarea suprafe\u021bei<\/li>\n<li>Previne pr\u0103fuire suprafa\u021b\u0103<\/li>\n<li>Op\u021biuni de culoare<\/li>\n<\/ul>\n","protected":false},"featured_media":1074,"template":"","meta":[],"product_cat":[42,65],"product_tag":[],"_links":{"self":[{"href":"https:\/\/floorexpert.md\/ro\/wp-json\/wp\/v2\/product\/1073"}],"collection":[{"href":"https:\/\/floorexpert.md\/ro\/wp-json\/wp\/v2\/product"}],"about":[{"href":"https:\/\/floorexpert.md\/ro\/wp-json\/wp\/v2\/types\/product"}],"wp:featuredmedia":[{"embeddable":true,"href":"https:\/\/floorexpert.md\/ro\/wp-json\/wp\/v2\/media\/1074"}],"wp:attachment":[{"href":"https:\/\/floorexpert.md\/ro\/wp-json\/wp\/v2\/media?parent=1073"}],"wp:term":[{"taxonomy":"product_cat","embeddable":true,"href":"https:\/\/floorexpert.md\/ro\/wp-json\/wp\/v2\/product_cat?post=1073"},{"taxonomy":"product_tag","embeddable":true,"href":"https:\/\/floorexpert.md\/ro\/wp-json\/wp\/v2\/product_tag?post=1073"}],"curies":[{"name":"wp","href":"https:\/\/api.w.org\/{rel}","templated":true}]}}