{"id":1057,"date":"2018-06-14T08:34:11","date_gmt":"2018-06-14T08:34:11","guid":{"rendered":"https:\/\/floorexpert.md\/ro\/?post_type=product&#038;p=1057"},"modified":"2019-05-03T13:21:53","modified_gmt":"2019-05-03T13:21:53","slug":"sikalfoor-264","status":"publish","type":"product","link":"https:\/\/floorexpert.md\/ro\/produs\/sikalfoor-264\/","title":{"rendered":"Sikagard\u00ae Wallcoat WS-11"},"content":{"rendered":"","protected":false},"excerpt":{"rendered":"<p>Solu\u021bie de acoperire a pere\u021bilor de \u00eenalt\u0103 performan\u021b\u0103 pe baz\u0103 de epoxid<\/p>\n<p><strong>Grosime nominal\u0103: <\/strong>< 0.5 mm\n\n<strong>Straturi:<\/strong> 2<\/p>\n<p><strong>Caracteristici \u0219i Avantaje<\/strong><\/p>\n<ul>\n<li>Conform ISO 14644<\/li>\n<li>Rezisten\u021b\u0103 chimic\u0103 bun\u0103<\/li>\n<li>Suprafa\u021b\u0103 neted\u0103<\/li>\n<li>COV sc\u0103zut<\/li>\n<li>Rezisten\u021b\u0103 biologic\u0103<\/li>\n<li>Op\u021biuni de culoare<\/li>\n<\/ul>\n","protected":false},"featured_media":1065,"template":"","meta":[],"product_cat":[63],"product_tag":[],"_links":{"self":[{"href":"https:\/\/floorexpert.md\/ro\/wp-json\/wp\/v2\/product\/1057"}],"collection":[{"href":"https:\/\/floorexpert.md\/ro\/wp-json\/wp\/v2\/product"}],"about":[{"href":"https:\/\/floorexpert.md\/ro\/wp-json\/wp\/v2\/types\/product"}],"wp:featuredmedia":[{"embeddable":true,"href":"https:\/\/floorexpert.md\/ro\/wp-json\/wp\/v2\/media\/1065"}],"wp:attachment":[{"href":"https:\/\/floorexpert.md\/ro\/wp-json\/wp\/v2\/media?parent=1057"}],"wp:term":[{"taxonomy":"product_cat","embeddable":true,"href":"https:\/\/floorexpert.md\/ro\/wp-json\/wp\/v2\/product_cat?post=1057"},{"taxonomy":"product_tag","embeddable":true,"href":"https:\/\/floorexpert.md\/ro\/wp-json\/wp\/v2\/product_tag?post=1057"}],"curies":[{"name":"wp","href":"https:\/\/api.w.org\/{rel}","templated":true}]}}