{"id":1031,"date":"2018-06-13T12:21:07","date_gmt":"2018-06-13T12:21:07","guid":{"rendered":"https:\/\/floorexpert.md\/?post_type=product&#038;p=1031"},"modified":"2019-05-03T14:07:24","modified_gmt":"2019-05-03T14:07:24","slug":"sikafloor-multiflex-pb-54-uv","status":"publish","type":"product","link":"https:\/\/floorexpert.md\/ro\/produs\/sikafloor-multiflex-pb-54-uv\/","title":{"rendered":"Sikafloor\u00ae MultiDur ES-28 ECF\/EQ"},"content":{"rendered":"","protected":false},"excerpt":{"rendered":"<p>Pardosea electrostatic conductiv\u0103,neted\u0103 cu VOC ultra-sc\u0103zut<\/p>\n<p><strong>Grosime nominal\u0103: <\/strong>2 mm<\/p>\n<p><strong>Straturi: <\/strong>3<\/p>\n<p><strong>Caracteristici \u0219i Avantaje<\/strong><\/p>\n<ul>\n<li>Conform ISO 14644<\/li>\n<li>Rezisten\u021b\u0103 chimic\u0103 bun\u0103<\/li>\n<li>Electrostatic conductiv<\/li>\n<li>Emisii reduse de particule<\/li>\n<li>Suprafa\u021b\u0103 neted\u0103<\/li>\n<li>COV foarte sc\u0103zut<\/li>\n<li>Op\u021biuni de culoare<\/li>\n<\/ul>\n","protected":false},"featured_media":1067,"template":"","meta":[],"product_cat":[63],"product_tag":[],"_links":{"self":[{"href":"https:\/\/floorexpert.md\/ro\/wp-json\/wp\/v2\/product\/1031"}],"collection":[{"href":"https:\/\/floorexpert.md\/ro\/wp-json\/wp\/v2\/product"}],"about":[{"href":"https:\/\/floorexpert.md\/ro\/wp-json\/wp\/v2\/types\/product"}],"wp:featuredmedia":[{"embeddable":true,"href":"https:\/\/floorexpert.md\/ro\/wp-json\/wp\/v2\/media\/1067"}],"wp:attachment":[{"href":"https:\/\/floorexpert.md\/ro\/wp-json\/wp\/v2\/media?parent=1031"}],"wp:term":[{"taxonomy":"product_cat","embeddable":true,"href":"https:\/\/floorexpert.md\/ro\/wp-json\/wp\/v2\/product_cat?post=1031"},{"taxonomy":"product_tag","embeddable":true,"href":"https:\/\/floorexpert.md\/ro\/wp-json\/wp\/v2\/product_tag?post=1031"}],"curies":[{"name":"wp","href":"https:\/\/api.w.org\/{rel}","templated":true}]}}