{"id":90,"date":"2017-08-21T11:00:02","date_gmt":"2017-08-21T11:00:02","guid":{"rendered":"http:\/\/mahogany.themerex.net\/?page_id=90"},"modified":"2019-06-07T12:18:59","modified_gmt":"2019-06-07T12:18:59","slug":"desprenoi","status":"publish","type":"page","link":"https:\/\/floorexpert.md\/ro\/desprenoi\/","title":{"rendered":"Despre companie"},"content":{"rendered":"<p>[vc_row content_placement=&#8221;middle&#8221;][vc_column][vc_empty_space height=&#8221;3rem&#8221; alter_height=&#8221;none&#8221; hide_on_desktop=&#8221;&#8221; hide_on_notebook=&#8221;&#8221; hide_on_tablet=&#8221;&#8221; hide_on_mobile=&#8221;&#8221;][vc_empty_space height=&#8221;4.2rem&#8221; alter_height=&#8221;none&#8221; hide_on_desktop=&#8221;&#8221; hide_on_notebook=&#8221;&#8221; hide_on_tablet=&#8221;&#8221; hide_on_mobile=&#8221;&#8221;][\/vc_column][vc_column width=&#8221;1\/2&#8243;][vc_empty_space height=&#8221;2rem&#8221; alter_height=&#8221;none&#8221; hide_on_desktop=&#8221;&#8221; hide_on_notebook=&#8221;&#8221; hide_on_tablet=&#8221;&#8221; hide_on_mobile=&#8221;&#8221;]<div id=\"sc_title_384229080\"\n\t\tclass=\"sc_title color_style_default sc_title_2\"><h6 class=\"sc_item_subtitle sc_title_subtitle sc_align_left sc_item_title_style_2\">Cine suntem?<\/h6><h3 class=\"sc_item_title sc_title_title sc_align_left sc_item_title_style_2\">Despre companie<\/h3><div class=\"sc_item_descr sc_title_descr sc_align_left\"><p>Specialistii companiei noastre intr-un mod profesionist va selecta sistemul de polimer, care va deveni al Dumneavoastr\u0103 dupa to\u021bi parametrii \u0219i caracteristicile necesare, \u00een func\u021bie de condi\u021biile obiectului \u0219i cererile prezentate viitoarei pardoseli. Noi oferim cea mai larg\u0103 gam\u0103 de pardoseli autonivelante premium de brand SIKA (Elve\u021bia).<\/p>\n<p>Dupa tipul materialelor folosite, pardoselile se impart in:<\/p>\n<p>Pardoseli epoxidice autonivelante din epoxid, rezistent la saruri \u0219i solventi. Inclusiv rezistente la influen\u021bele chimice \u0219i mecanice ale acoperirii \u0219i protejarea betonul de lichide agresive;<\/p>\n<p>Pardoseli autonivelante din poliuretan, cele mai elastice pardoseli industriale. Rezistenta mecanica \u0219i chimica foarte buna.<\/p>\n<p>Pardoseli din polimer polimetilmetacrilat PMMA, este la fel de bine tolerat de expunerea la temperaturi sc\u0103zute, schimb\u0103ri bru\u0219te de temperatur\u0103 \u0219i expunerea la radiatii UV. \u00cent\u0103rire foarte rapid\u0103, chiar \u0219i la temperaturi sc\u0103zute;<\/p>\n<p>Pardoseli din poliuretan-ciment, sunt \u00een special acoperiri durabile, care sunt utilizate \u00een zone cu sarcini abrazive intense. Caracteristicile fizice le pastreaza \u00eentr-o gam\u0103 larg\u0103 de temperaturi de la - 40\u00b0 C p\u00e2n\u0103 la + 140\u00b0 C.<\/p>\n<\/div><\/div><!-- \/.sc_title -->[vc_empty_space height=&#8221;1rem&#8221; alter_height=&#8221;none&#8221; hide_on_desktop=&#8221;&#8221; hide_on_notebook=&#8221;&#8221; hide_on_tablet=&#8221;&#8221; hide_on_mobile=&#8221;&#8221;][\/vc_column][vc_column width=&#8221;1\/2&#8243;][vc_empty_space height=&#8221;2rem&#8221; alter_height=&#8221;none&#8221; hide_on_desktop=&#8221;&#8221; hide_on_notebook=&#8221;&#8221; hide_on_tablet=&#8221;&#8221; hide_on_mobile=&#8221;&#8221;][vc_single_image image=&#8221;1301&#8243; img_size=&#8221;full&#8221;][vc_empty_space height=&#8221;1rem&#8221; alter_height=&#8221;none&#8221; hide_on_desktop=&#8221;&#8221; hide_on_notebook=&#8221;&#8221; hide_on_tablet=&#8221;&#8221; hide_on_mobile=&#8221;&#8221;][\/vc_column][vc_column][vc_empty_space height=&#8221;4rem&#8221; alter_height=&#8221;none&#8221; hide_on_desktop=&#8221;&#8221; hide_on_notebook=&#8221;&#8221; hide_on_tablet=&#8221;&#8221; hide_on_mobile=&#8221;&#8221;][vc_empty_space height=&#8221;4.6rem&#8221; alter_height=&#8221;none&#8221; hide_on_desktop=&#8221;&#8221; hide_on_notebook=&#8221;&#8221; hide_on_tablet=&#8221;&#8221; hide_on_mobile=&#8221;&#8221;][\/vc_column][\/vc_row][vc_row][vc_column]<div class=\"sc_layouts sc_layouts_default sc_layouts_329\">[vc_row full_width=\"stretch_row\" equal_height=\"yes\" content_placement=\"middle\" css=\".vc_custom_1512989054033{background-color: #f5f4f0 !important;}\"][vc_column icons_position=\"left\"][vc_empty_space height=\"3.35rem\" alter_height=\"none\" hide_on_desktop=\"\" hide_on_notebook=\"\" hide_on_tablet=\"\" hide_on_mobile=\"\"][\/vc_column][vc_column scheme=\"dark\" fix_column=\"\" hide_bg_image_on_tablet=\"\" hide_bg_image_on_mobile=\"\" icons_position=\"left\" css=\".vc_custom_1527927291525{background-color: #ed1c24 !important;}\" offset=\"vc_col-md-6\"][vc_row_inner][vc_column_inner width=\"5\/6\" icons_position=\"left\" offset=\"vc_col-sm-offset-1\"][vc_empty_space height=\"2rem\" alter_height=\"none\" hide_on_desktop=\"\" hide_on_notebook=\"\" hide_on_tablet=\"\" hide_on_mobile=\"\"][vc_empty_space height=\"3rem\" alter_height=\"none\" hide_on_desktop=\"\" hide_on_notebook=\"\" hide_on_tablet=\"\" hide_on_mobile=\"\"]<div id=\"sc_content_1333941825\"\n\t\tclass=\"sc_content color_style_default sc_content_default sc_content_width_90p sc_float_center\"><div class=\"sc_content_container\"><div id=\"sc_title_680278220\"\n\t\tclass=\"sc_title color_style_dark sc_title_default\"><h4 class=\"sc_item_title sc_title_title sc_align_left sc_item_title_style_default sc_item_title_tag\">Ce spun clien\u021bii despre noi<\/h4><div class=\"sc_item_button sc_button_wrap sc_align_left\"><a href=\"#\" id=\"sc_button_1664096057\" class=\"sc_button color_style_dark sc_button_simple sc_item_button sc_item_button_simple sc_title_button sc_button_size_normal sc_button_icon_left\"><span class=\"sc_button_text\"><span class=\"sc_button_title\">Vezi p\u0103reri clien\u021bi<\/span><\/span><!-- \/.sc_button_text --><\/a><!-- \/.sc_button --><\/div><!-- \/.sc_item_button --><\/div><!-- \/.sc_title --><\/div><\/div><!-- \/.sc_content -->[vc_empty_space height=\"2rem\" alter_height=\"none\" hide_on_desktop=\"\" hide_on_notebook=\"\" hide_on_tablet=\"\" hide_on_mobile=\"\"][vc_empty_space height=\"3rem\" alter_height=\"none\" hide_on_desktop=\"\" hide_on_notebook=\"\" hide_on_tablet=\"\" hide_on_mobile=\"\"][\/vc_column_inner][\/vc_row_inner][\/vc_column][vc_column icons_position=\"left\" offset=\"vc_col-md-6\"][vc_row_inner][vc_column_inner icons_position=\"left\" offset=\"vc_hidden-lg vc_hidden-md\"][vc_empty_space height=\"3rem\" alter_height=\"none\" hide_on_desktop=\"\" hide_on_notebook=\"\" hide_on_tablet=\"\" hide_on_mobile=\"\"][\/vc_column_inner][\/vc_row_inner][vc_row_inner][vc_column_inner width=\"5\/6\" icons_position=\"left\" offset=\"vc_col-md-11 vc_col-sm-offset-1\"]<div class=\"sc_testimonials color_style_default sc_testimonials_default\"><div class=\"sc_testimonials_slider sc_item_slider slider_swiper_outer slider_outer slider_outer_nocontrols slider_outer_pagination slider_outer_pagination_bullets slider_outer_pagination_pos_bottom slider_outer_one\">\n\t<div class=\"slider_container swiper-slider-container slider_swiper slider_noresize slider_nocontrols slider_pagination slider_pagination_bullets slider_pagination_pos_bottom slider_one\" data-slides-min-width=\"290\" data-pagination=\"bullets\">\n\t\t<div class=\"slides slider-wrapper swiper-wrapper sc_item_columns_1\"><div class=\"slider-slide swiper-slide\"><div class=\"sc_testimonials_item\">\n\t<div class=\"sc_testimonials_item_content\"><p>Lorem ipsum dolor sit amet, consectetur adipiscing elit. Nam iaculis sodales aliquam. Fusce ut tempus turpis. Nunc aliquam turpis eu eros faucibus, placerat tincidunt dolor condimentum. Aliquam mi turpis, elementum hendrerit pretium eu, ullamcorper ut justo. Duis tincidunt sagittis hendrerit.<\/p>\n<\/div>\n\t<div class=\"sc_testimonials_item_author\">\n\t\t\t\t\t<div class=\"sc_testimonials_item_author_avatar\"><img width=\"90\" height=\"90\" src=\"https:\/\/floorexpert.md\/wp-content\/uploads\/2017\/08\/testi-1-90x90.jpg\" class=\"attachment-mahogany-thumb-tiny size-mahogany-thumb-tiny wp-post-image\" alt=\"Gabriela Voicu\" decoding=\"async\" srcset=\"https:\/\/floorexpert.md\/wp-content\/uploads\/2017\/08\/testi-1-90x90.jpg 90w, https:\/\/floorexpert.md\/wp-content\/uploads\/2017\/08\/testi-1-150x150.jpg 150w, https:\/\/floorexpert.md\/wp-content\/uploads\/2017\/08\/testi-1-100x100.jpg 100w, https:\/\/floorexpert.md\/wp-content\/uploads\/2017\/08\/testi-1.jpg 300w\" sizes=\"(max-width: 90px) 100vw, 90px\" \/><\/div>\n\t\t\t\t<div class=\"sc_testimonials_item_author_data\">\n\t\t\t<h4 class=\"sc_testimonials_item_author_title\">Gabriela Voicu<\/h4>\n\t\t\t<div class=\"sc_testimonials_item_author_subtitle\">Cahul<\/div>\n\t\t<\/div>\n\t<\/div>\n<\/div>\n<\/div><div class=\"slider-slide swiper-slide\"><div class=\"sc_testimonials_item\">\n\t<div class=\"sc_testimonials_item_content\"><p>Lorem ipsum dolor sit amet, consectetur adipiscing elit. Nam iaculis sodales aliquam. Fusce ut tempus turpis. Nunc aliquam turpis eu eros faucibus, placerat tincidunt dolor condimentum. Aliquam mi turpis, elementum hendrerit pretium eu, ullamcorper ut justo. Duis tincidunt sagittis hendrerit.<\/p>\n<\/div>\n\t<div class=\"sc_testimonials_item_author\">\n\t\t\t\t\t<div class=\"sc_testimonials_item_author_avatar\"><img width=\"90\" height=\"90\" src=\"https:\/\/floorexpert.md\/wp-content\/uploads\/2017\/08\/testi-2-90x90.jpg\" class=\"attachment-mahogany-thumb-tiny size-mahogany-thumb-tiny wp-post-image\" alt=\"Marcel si Ana Paduraru\" decoding=\"async\" srcset=\"https:\/\/floorexpert.md\/wp-content\/uploads\/2017\/08\/testi-2-90x90.jpg 90w, https:\/\/floorexpert.md\/wp-content\/uploads\/2017\/08\/testi-2-150x150.jpg 150w, https:\/\/floorexpert.md\/wp-content\/uploads\/2017\/08\/testi-2-100x100.jpg 100w, https:\/\/floorexpert.md\/wp-content\/uploads\/2017\/08\/testi-2.jpg 300w\" sizes=\"(max-width: 90px) 100vw, 90px\" \/><\/div>\n\t\t\t\t<div class=\"sc_testimonials_item_author_data\">\n\t\t\t<h4 class=\"sc_testimonials_item_author_title\">Marcel si Ana Paduraru<\/h4>\n\t\t\t<div class=\"sc_testimonials_item_author_subtitle\">Chi\u0219in\u0103u<\/div>\n\t\t<\/div>\n\t<\/div>\n<\/div>\n<\/div><div class=\"slider-slide swiper-slide\"><div class=\"sc_testimonials_item\">\n\t<div class=\"sc_testimonials_item_content\"><p>Lorem ipsum dolor sit amet, consectetur adipiscing elit. Nam iaculis sodales aliquam. Fusce ut tempus turpis. Nunc aliquam turpis eu eros faucibus, placerat tincidunt dolor condimentum. Aliquam mi turpis, elementum hendrerit pretium eu, ullamcorper ut justo. Duis tincidunt sagittis hendrerit.<\/p>\n<\/div>\n\t<div class=\"sc_testimonials_item_author\">\n\t\t\t\t\t<div class=\"sc_testimonials_item_author_avatar\"><img width=\"90\" height=\"90\" src=\"https:\/\/floorexpert.md\/wp-content\/uploads\/2017\/08\/testi-3-90x90.jpg\" class=\"attachment-mahogany-thumb-tiny size-mahogany-thumb-tiny wp-post-image\" alt=\"Alexandra Gradinaru\" decoding=\"async\" srcset=\"https:\/\/floorexpert.md\/wp-content\/uploads\/2017\/08\/testi-3-90x90.jpg 90w, https:\/\/floorexpert.md\/wp-content\/uploads\/2017\/08\/testi-3-150x150.jpg 150w, https:\/\/floorexpert.md\/wp-content\/uploads\/2017\/08\/testi-3-100x100.jpg 100w, https:\/\/floorexpert.md\/wp-content\/uploads\/2017\/08\/testi-3.jpg 300w\" sizes=\"(max-width: 90px) 100vw, 90px\" \/><\/div>\n\t\t\t\t<div class=\"sc_testimonials_item_author_data\">\n\t\t\t<h4 class=\"sc_testimonials_item_author_title\">Alexandra Gradinaru<\/h4>\n\t\t\t<div class=\"sc_testimonials_item_author_subtitle\">B\u0103l\u021bi<\/div>\n\t\t<\/div>\n\t<\/div>\n<\/div>\n<\/div><\/div><\/div><div class=\"slider_pagination_wrap swiper-pagination\"><\/div><\/div><\/div><!-- \/.sc_testimonials -->[\/vc_column_inner][\/vc_row_inner][\/vc_column][vc_column icons_position=\"left\"][vc_empty_space height=\"3.4rem\" alter_height=\"none\" hide_on_desktop=\"\" hide_on_notebook=\"\" hide_on_tablet=\"\" hide_on_mobile=\"\"][\/vc_column][\/vc_row]<\/div>[\/vc_column][\/vc_row]<\/p>\n","protected":false},"excerpt":{"rendered":"<p>[vc_row content_placement=&#8221;middle&#8221;][vc_column][vc_empty_space height=&#8221;3rem&#8221; alter_height=&#8221;none&#8221; hide_on_desktop=&#8221;&#8221; hide_on_notebook=&#8221;&#8221; hide_on_tablet=&#8221;&#8221; hide_on_mobile=&#8221;&#8221;][vc_empty_space height=&#8221;4.2rem&#8221; alter_height=&#8221;none&#8221; hide_on_desktop=&#8221;&#8221; hide_on_notebook=&#8221;&#8221; hide_on_tablet=&#8221;&#8221; hide_on_mobile=&#8221;&#8221;][\/vc_column][vc_column width=&#8221;1\/2&#8243;][vc_empty_space height=&#8221;2rem&#8221; alter_height=&#8221;none&#8221; hide_on_desktop=&#8221;&#8221; hide_on_notebook=&#8221;&#8221; hide_on_tablet=&#8221;&#8221; hide_on_mobile=&#8221;&#8221;][vc_empty_space height=&#8221;1rem&#8221; alter_height=&#8221;none&#8221; hide_on_desktop=&#8221;&#8221; hide_on_notebook=&#8221;&#8221; hide_on_tablet=&#8221;&#8221; hide_on_mobile=&#8221;&#8221;][\/vc_column][vc_column width=&#8221;1\/2&#8243;][vc_empty_space height=&#8221;2rem&#8221; alter_height=&#8221;none&#8221; hide_on_desktop=&#8221;&#8221; hide_on_notebook=&#8221;&#8221; hide_on_tablet=&#8221;&#8221; hide_on_mobile=&#8221;&#8221;][vc_single_image image=&#8221;1301&#8243; img_size=&#8221;full&#8221;][vc_empty_space height=&#8221;1rem&#8221; alter_height=&#8221;none&#8221; hide_on_desktop=&#8221;&#8221; hide_on_notebook=&#8221;&#8221;&hellip;<\/p>\n","protected":false},"author":1,"featured_media":0,"parent":0,"menu_order":0,"comment_status":"closed","ping_status":"closed","template":"","meta":{"footnotes":""},"_links":{"self":[{"href":"https:\/\/floorexpert.md\/ro\/wp-json\/wp\/v2\/pages\/90"}],"collection":[{"href":"https:\/\/floorexpert.md\/ro\/wp-json\/wp\/v2\/pages"}],"about":[{"href":"https:\/\/floorexpert.md\/ro\/wp-json\/wp\/v2\/types\/page"}],"author":[{"embeddable":true,"href":"https:\/\/floorexpert.md\/ro\/wp-json\/wp\/v2\/users\/1"}],"replies":[{"embeddable":true,"href":"https:\/\/floorexpert.md\/ro\/wp-json\/wp\/v2\/comments?post=90"}],"version-history":[{"count":13,"href":"https:\/\/floorexpert.md\/ro\/wp-json\/wp\/v2\/pages\/90\/revisions"}],"predecessor-version":[{"id":1334,"href":"https:\/\/floorexpert.md\/ro\/wp-json\/wp\/v2\/pages\/90\/revisions\/1334"}],"wp:attachment":[{"href":"https:\/\/floorexpert.md\/ro\/wp-json\/wp\/v2\/media?parent=90"}],"curies":[{"name":"wp","href":"https:\/\/api.w.org\/{rel}","templated":true}]}}