{"id":94,"date":"2017-08-21T11:00:59","date_gmt":"2017-08-21T11:00:59","guid":{"rendered":"http:\/\/mahogany.themerex.net\/?page_id=94"},"modified":"2018-06-12T13:55:33","modified_gmt":"2018-06-12T13:55:33","slug":"contacte","status":"publish","type":"page","link":"https:\/\/floorexpert.md\/en\/contacte\/","title":{"rendered":"Contacte"},"content":{"rendered":"<p>[vc_row full_width=&#8221;stretch_row_content_no_spaces&#8221; equal_height=&#8221;yes&#8221; content_placement=&#8221;middle&#8221; hide_bg_image_on_tablet=&#8221;&#8221; hide_bg_image_on_mobile=&#8221;&#8221;][vc_column scheme=&#8221;dark&#8221; hide_bg_image_on_tablet=&#8221;&#8221; hide_bg_image_on_mobile=&#8221;&#8221; css=&#8221;.vc_custom_1527930281066{background-color: #ed1c24 !important;}&#8221; offset=&#8221;vc_col-md-6&#8243;][vc_empty_space height=&#8221;4.95rem&#8221; alter_height=&#8221;none&#8221; hide_on_desktop=&#8221;&#8221; hide_on_notebook=&#8221;&#8221; hide_on_tablet=&#8221;&#8221; hide_on_mobile=&#8221;&#8221;][vc_row_inner][vc_column_inner width=&#8221;5\/6&#8243; offset=&#8221;vc_col-lg-offset-4 vc_col-lg-7 vc_col-sm-offset-1&#8243;]<div id=\"sc_content_1477989142\"\n\t\tclass=\"sc_content color_style_default sc_content_default sc_content_width_90p sc_float_center\"><div class=\"sc_content_container\"><div id=\"sc_title_1785440128\"\n\t\tclass=\"sc_title color_style_dark sc_title_default\"><h3 class=\"sc_item_title sc_title_title sc_align_left sc_item_title_style_default\">Date de contact<\/h3><\/div><!-- \/.sc_title -->[vc_empty_space height=&#8221;2.25rem&#8221; alter_height=&#8221;none&#8221; hide_on_desktop=&#8221;&#8221; hide_on_notebook=&#8221;&#8221; hide_on_tablet=&#8221;&#8221; hide_on_mobile=&#8221;&#8221;]<div id=\"widget_contacts_1391725585\" class=\"widget_area sc_widget_contacts vc_widget_contacts wpb_content_element\"><aside id=\"widget_contacts_1391725585_widget\" class=\"widget widget_contacts\"><div class=\"contacts_wrap\"><div class=\"contacts_info\"><span class=\"contacts_phone\"><i class=\"contacts_icon icon-icon3\"><\/i><span class=\"contacts_phone_label\">Contacteaz\u0103-ne pentru \u00eentreb\u0103ri<\/span><a href=\"tel:+37360320020\">+(373) 60 32 00 20<\/a><\/span><span class=\"contacts_email\"><i class=\"contacts_icon icon-icon_envelope\"><\/i><span class=\"contacts_email_label\">Scrie-ne \u0219i te ajut\u0103m<\/span><a href=\"mailto:&#105;n&#102;o&#64;floor&#101;xp&#101;r&#116;&#46;md\">in&#102;o&#64;&#102;&#108;oo&#114;e&#120;&#112;e&#114;t.&#109;d<\/a><\/span><span class=\"contacts_address\"><i class=\"contacts_icon icon-icon1\"><\/i><span>str. Grenoble 39 <br>mun. Chi\u0219in\u0103u<\/span><\/span><\/div><\/div><!-- \/.contacts_wrap --><\/aside><\/div><\/div><\/div><!-- \/.sc_content -->[\/vc_column_inner][\/vc_row_inner][vc_empty_space height=&#8221;3rem&#8221; alter_height=&#8221;none&#8221; hide_on_desktop=&#8221;&#8221; hide_on_notebook=&#8221;&#8221; hide_on_tablet=&#8221;&#8221; hide_on_mobile=&#8221;&#8221;][\/vc_column][vc_column offset=&#8221;vc_col-md-6&#8243;][vc_empty_space height=&#8221;4.5rem&#8221; alter_height=&#8221;none&#8221; hide_on_desktop=&#8221;&#8221; hide_on_notebook=&#8221;&#8221; hide_on_tablet=&#8221;&#8221; hide_on_mobile=&#8221;&#8221;][vc_row_inner][vc_column_inner width=&#8221;5\/6&#8243; offset=&#8221;vc_col-lg-8 vc_col-sm-offset-1&#8243;]<div id=\"sc_content_1534360057\"\n\t\tclass=\"sc_content color_style_default sc_content_default sc_content_width_90p sc_float_center\"><div class=\"sc_content_container\"><div\n\t id=\"sc_form_1823061041\"\tclass=\"sc_form color_style_default sc_form_default\">\n\t<h3 class=\"sc_item_title sc_form_title sc_align_left sc_item_title_style_default\">Completeaz\u0103 formularul<\/h3><form class=\"sc_form_form \" method=\"post\" action=\"https:\/\/floorexpert.md\/wp-admin\/admin-ajax.php\">\t<div class=\"sc_form_details trx_addons_columns_wrap\"><div class=\"trx_addons_column-1_2\"><label class=\"sc_form_field sc_form_field_name sc_form_field_text required\"><span class=\"sc_form_field_wrap\"><input type=\"text\" \n\t\t\t\t\tname=\"name\"\n\t\t\t\t\tid=\"name_2101623097\"\n\t\t\t\t\tvalue=\"\" aria-required=\"true\" placeholder=\"Your name\"><\/span><\/label><\/div><div class=\"trx_addons_column-1_2\"><label class=\"sc_form_field sc_form_field_email sc_form_field_text required\"><span class=\"sc_form_field_wrap\"><input type=\"text\" \n\t\t\t\t\tname=\"email\"\n\t\t\t\t\tid=\"email_1428394388\"\n\t\t\t\t\tvalue=\"\" aria-required=\"true\" placeholder=\"Your e-mail\"><\/span><\/label><\/div><\/div><label class=\"sc_form_field sc_form_field_message sc_form_field_textarea required\"><span class=\"sc_form_field_wrap\"><textarea\n\t\t\t\tname=\"message\"\n\t\t\t\tid=\"message_1688515628\" aria-required=\"true\" placeholder=\"Your message\"><\/textarea><\/span><\/label><div class=\"sc_form_field sc_form_field_button\"><button class=\" sc_button color_style_link2 sc_button_default sc_button_size_small \">Send Message<\/button><\/div>\n\t\t<div class=\"trx_addons_message_box sc_form_result\"><\/div>\n\t\t<\/form><\/div><!-- \/.sc_form --><\/div><\/div><!-- \/.sc_content -->[\/vc_column_inner][\/vc_row_inner][vc_empty_space height=&#8221;1rem&#8221; alter_height=&#8221;none&#8221; hide_on_desktop=&#8221;&#8221; hide_on_notebook=&#8221;&#8221; hide_on_tablet=&#8221;&#8221; hide_on_mobile=&#8221;&#8221;][\/vc_column][\/vc_row][vc_row full_width=&#8221;stretch_row_content_no_spaces&#8221;][vc_column]<div id=\"sc_googlemap_981967193_wrap\" class=\"sc_googlemap_wrap\"><div id=\"sc_googlemap_981967193\"\n\t\t\tclass=\"sc_googlemap sc_googlemap_default\"\n\t\t\t style=\"width:100%;height:40.25rem;\"\t\t\tdata-zoom=\"13\"\n\t\t\tdata-style=\"dark\"\n\t\t\tdata-cluster-icon=\"\"\n\t\t\t><div id=\"sc_googlemap_981967193_1\" class=\"sc_googlemap_marker\"\n\t\t\t\t\t\tdata-latlng=\"\"\n\t\t\t\t\t\tdata-address=\"\"\n\t\t\t\t\t\tdata-description=\"\"\n\t\t\t\t\t\tdata-title=\"\"\n\t\t\t\t\t\tdata-icon=\"\"\n\t\t\t\t\t\tdata-icon_shadow=\"\"\n\t\t\t\t\t\tdata-icon_width=\"\"\n\t\t\t\t\t\tdata-icon_height=\"\"\n\t\t\t\t\t\t><\/div><\/div><\/div><!-- \/.sc_googlemap_wrap -->[\/vc_column][\/vc_row]<\/p>\n","protected":false},"excerpt":{"rendered":"<p>[vc_row full_width=&#8221;stretch_row_content_no_spaces&#8221; equal_height=&#8221;yes&#8221; content_placement=&#8221;middle&#8221; hide_bg_image_on_tablet=&#8221;&#8221; hide_bg_image_on_mobile=&#8221;&#8221;][vc_column scheme=&#8221;dark&#8221; hide_bg_image_on_tablet=&#8221;&#8221; hide_bg_image_on_mobile=&#8221;&#8221; css=&#8221;.vc_custom_1527930281066{background-color: #ed1c24 !important;}&#8221; offset=&#8221;vc_col-md-6&#8243;][vc_empty_space height=&#8221;4.95rem&#8221; alter_height=&#8221;none&#8221; hide_on_desktop=&#8221;&#8221; hide_on_notebook=&#8221;&#8221; hide_on_tablet=&#8221;&#8221; hide_on_mobile=&#8221;&#8221;][vc_row_inner][vc_column_inner width=&#8221;5\/6&#8243; offset=&#8221;vc_col-lg-offset-4 vc_col-lg-7 vc_col-sm-offset-1&#8243;][\/vc_column_inner][\/vc_row_inner][vc_empty_space height=&#8221;3rem&#8221; alter_height=&#8221;none&#8221; hide_on_desktop=&#8221;&#8221; hide_on_notebook=&#8221;&#8221; hide_on_tablet=&#8221;&#8221; hide_on_mobile=&#8221;&#8221;][\/vc_column][vc_column offset=&#8221;vc_col-md-6&#8243;][vc_empty_space height=&#8221;4.5rem&#8221; alter_height=&#8221;none&#8221; hide_on_desktop=&#8221;&#8221; hide_on_notebook=&#8221;&#8221; hide_on_tablet=&#8221;&#8221; hide_on_mobile=&#8221;&#8221;][vc_row_inner][vc_column_inner width=&#8221;5\/6&#8243; offset=&#8221;vc_col-lg-8 vc_col-sm-offset-1&#8243;][\/vc_column_inner][\/vc_row_inner][vc_empty_space height=&#8221;1rem&#8221;&hellip;<\/p>\n","protected":false},"author":1,"featured_media":0,"parent":0,"menu_order":0,"comment_status":"closed","ping_status":"closed","template":"","meta":{"footnotes":""},"_links":{"self":[{"href":"https:\/\/floorexpert.md\/en\/wp-json\/wp\/v2\/pages\/94"}],"collection":[{"href":"https:\/\/floorexpert.md\/en\/wp-json\/wp\/v2\/pages"}],"about":[{"href":"https:\/\/floorexpert.md\/en\/wp-json\/wp\/v2\/types\/page"}],"author":[{"embeddable":true,"href":"https:\/\/floorexpert.md\/en\/wp-json\/wp\/v2\/users\/1"}],"replies":[{"embeddable":true,"href":"https:\/\/floorexpert.md\/en\/wp-json\/wp\/v2\/comments?post=94"}],"version-history":[{"count":6,"href":"https:\/\/floorexpert.md\/en\/wp-json\/wp\/v2\/pages\/94\/revisions"}],"predecessor-version":[{"id":907,"href":"https:\/\/floorexpert.md\/en\/wp-json\/wp\/v2\/pages\/94\/revisions\/907"}],"wp:attachment":[{"href":"https:\/\/floorexpert.md\/en\/wp-json\/wp\/v2\/media?parent=94"}],"curies":[{"name":"wp","href":"https:\/\/api.w.org\/{rel}","templated":true}]}}